{"id":13,"date":"2020-11-06T20:40:23","date_gmt":"2020-11-06T20:40:23","guid":{"rendered":"https:\/\/biming3d.de\/?page_id=13"},"modified":"2021-01-03T17:19:23","modified_gmt":"2021-01-03T17:19:23","slug":"ueber-uns","status":"publish","type":"page","link":"https:\/\/biming3d.de\/?page_id=13","title":{"rendered":"Unternehmen"},"content":{"rendered":"\n<p>Unsere Zeit fordert neue digitale Arbeitsweisen getrieben von der aktuellen Corona Situation und einen Umbruch der bisherigen.<\/p>\n\n\n\n<p> BIMing3D setzte bereits bei der B\u00fcrogr\u00fcndung 2002 auf die integrale 3D Planungsmethode BIM und investierte konsequent in die digitale Transformation und traf die daf\u00fcr notwendigen Ma\u00dfnahmen. Dank der digitalen Vision war es BIMing3D m\u00f6glich den digitalen Reifegrad st\u00e4ndig zu erh\u00f6hen . Dadurch ist BIMing3D in der Lage \u00fcberdurchschnittlich flexibel auf die Krise zu reagieren.<\/p>\n\n\n\n<p>Wir planen jetzt schon f\u00fcr die Zeit nach der Krise und sehen die aktuelle Situation als Chance f\u00fcr die Digitalisierung. <\/p>\n","protected":false},"excerpt":{"rendered":"<p>Unsere Zeit fordert neue digitale Arbeitsweisen getrieben von der aktuellen Corona Situation und einen Umbruch der bisherigen. BIMing3D setzte bereits bei der B\u00fcrogr\u00fcndung 2002 auf&#8230;<\/p>\n<div class=\"more-link-wrapper\"><a class=\"more-link\" href=\"https:\/\/biming3d.de\/?page_id=13\">Weiterlesen<span class=\"screen-reader-text\">Unternehmen<\/span><\/a><\/div>\n","protected":false},"author":1,"featured_media":0,"parent":0,"menu_order":0,"comment_status":"closed","ping_status":"closed","template":"","meta":{"footnotes":""},"class_list":["post-13","page","type-page","status-publish","hentry","entry"],"jetpack_sharing_enabled":true,"_links":{"self":[{"href":"https:\/\/biming3d.de\/index.php?rest_route=\/wp\/v2\/pages\/13"}],"collection":[{"href":"https:\/\/biming3d.de\/index.php?rest_route=\/wp\/v2\/pages"}],"about":[{"href":"https:\/\/biming3d.de\/index.php?rest_route=\/wp\/v2\/types\/page"}],"author":[{"embeddable":true,"href":"https:\/\/biming3d.de\/index.php?rest_route=\/wp\/v2\/users\/1"}],"replies":[{"embeddable":true,"href":"https:\/\/biming3d.de\/index.php?rest_route=%2Fwp%2Fv2%2Fcomments&post=13"}],"version-history":[{"count":6,"href":"https:\/\/biming3d.de\/index.php?rest_route=\/wp\/v2\/pages\/13\/revisions"}],"predecessor-version":[{"id":152,"href":"https:\/\/biming3d.de\/index.php?rest_route=\/wp\/v2\/pages\/13\/revisions\/152"}],"wp:attachment":[{"href":"https:\/\/biming3d.de\/index.php?rest_route=%2Fwp%2Fv2%2Fmedia&parent=13"}],"curies":[{"name":"wp","href":"https:\/\/api.w.org\/{rel}","templated":true}]}}