{"id":2,"date":"2020-10-19T07:08:18","date_gmt":"2020-10-19T07:08:18","guid":{"rendered":"https:\/\/biming3d.de\/?page_id=2"},"modified":"2023-04-30T16:31:48","modified_gmt":"2023-04-30T16:31:48","slug":"http-www-biming3d-de","status":"publish","type":"page","link":"https:\/\/biming3d.de\/?page_id=2","title":{"rendered":"BIM"},"content":{"rendered":"\n<p>BIM bedeutet f\u00fcr uns durchg\u00e4ngige 3D Planung und Integration m\u00f6glichst der notwendigen Informationen um das Geb\u00e4ude zuerst 100% digital zu bauen. Erst nach Kl\u00e4rung aller Details am BIM Modell wird die Freigabe f\u00fcr den realen Bau gegeben.<\/p>\n\n\n\n<p>Die gesamte Architektur wird in 3D modelliert, so dass jedem Element (Wand, T\u00fcre, Fenster, Boden, etc.) baurelevate Informationen hinzugef\u00fcgt werden k\u00f6nnen (Brandschutzklasse, Kosten, Abbruch, Hersteller, etc.). Die Geometrien und Informationen k\u00f6nnen dann mit entsprechenden BIM Technologien verglichen, analysiert und optimiert werden.<\/p>\n\n\n\n<p>Nachfolgend k\u00f6nnen Sie sich ein Bild von den M\u00f6glichkeiten die sich durch die Benutzung von BIM ergeben durch Klick auf das Bild machen. Um das ganze Potential des 3D Modells auszusch\u00f6pfen schauen Sie sich zuerst die nachfolgende Anleitung an.  <\/p>\n\n\n\n<p>Erleben Sie BIM live!<\/p>\n\n\n\n<figure>\n<iframe title=\"Anleitung f\u00fcr die Betrachtung BIM Modell auf www.biming3d.de\" width=\"500\" height=\"375\" src=\"https:\/\/www.youtube.com\/embed\/4IwYhYV6lTc?feature=oembed\" frameborder=\"0\" allow=\"accelerometer; autoplay; clipboard-write; encrypted-media; gyroscope; picture-in-picture; web-share\" referrerpolicy=\"strict-origin-when-cross-origin\" allowfullscreen><\/iframe>\n<\/figure>\n\n\n\n<p><\/p>\n\n\n\n<figure><a href=\"https:\/\/bimx.graphisoft.com\/model\/2f316359-9354-43a0-8665-0d22d63abd6b\"><img data-recalc-dims=\"1\" height=\"640\" width=\"1024\" decoding=\"async\" src=\"https:\/\/i0.wp.com\/biming3d.de\/wp-content\/uploads\/2021\/01\/Bildschirmfoto-2021-01-07-um-15.03.38.png?resize=1024%2C640&#038;ssl=1\" alt=\"\"\/><\/a><figcaption>BIM Modell Einfamilienhaus mit Doppelgarage, D-GEISFELD<\/figcaption><\/figure>\n\n\n\n<hr\/>\n\n\n\n<figure><a href=\"https:\/\/bimx.graphisoft.com\/model\/4c479e3c-250a-456a-8622-e7f0a70ca3fd\"><img data-recalc-dims=\"1\" height=\"640\" width=\"1024\" decoding=\"async\" src=\"https:\/\/i0.wp.com\/biming3d.de\/wp-content\/uploads\/2021\/01\/Bildschirmfoto-2021-01-07-um-15.38.09.png?resize=1024%2C640&#038;ssl=1\" alt=\"\"\/><\/a><figcaption>BIM Modell Einfamilienhaus mit Doppelgarage, D-IPHOFEN<\/figcaption><\/figure>\n\n\n\n<hr\/>\n\n\n\n<figure><a href=\"https:\/\/bimx.graphisoft.com\/model\/22aea889-e352-4969-89a5-74322bca5f4a\"><img data-recalc-dims=\"1\" height=\"570\" width=\"1024\" decoding=\"async\" src=\"https:\/\/i0.wp.com\/biming3d.de\/wp-content\/uploads\/2021\/01\/Bildschirmfoto-2021-01-10-um-23.34.13.png?resize=1024%2C570&#038;ssl=1\" alt=\"\"\/><\/a><figcaption>BIM Modell 2 Mehrfamilienh\u00e4user, TR-D\u00fczce<\/figcaption><\/figure>\n\n\n\n<p><\/p>\n","protected":false},"excerpt":{"rendered":"<p>BIM bedeutet f\u00fcr uns durchg\u00e4ngige 3D Planung und Integration m\u00f6glichst der notwendigen Informationen um das Geb\u00e4ude zuerst 100% digital zu bauen. Erst nach Kl\u00e4rung aller&#8230;<\/p>\n<div class=\"more-link-wrapper\"><a class=\"more-link\" href=\"https:\/\/biming3d.de\/?page_id=2\">Weiterlesen<span class=\"screen-reader-text\">BIM<\/span><\/a><\/div>\n","protected":false},"author":1,"featured_media":0,"parent":0,"menu_order":0,"comment_status":"closed","ping_status":"closed","template":"","meta":{"footnotes":""},"class_list":["post-2","page","type-page","status-publish","hentry","entry"],"jetpack_sharing_enabled":true,"_links":{"self":[{"href":"https:\/\/biming3d.de\/index.php?rest_route=\/wp\/v2\/pages\/2"}],"collection":[{"href":"https:\/\/biming3d.de\/index.php?rest_route=\/wp\/v2\/pages"}],"about":[{"href":"https:\/\/biming3d.de\/index.php?rest_route=\/wp\/v2\/types\/page"}],"author":[{"embeddable":true,"href":"https:\/\/biming3d.de\/index.php?rest_route=\/wp\/v2\/users\/1"}],"replies":[{"embeddable":true,"href":"https:\/\/biming3d.de\/index.php?rest_route=%2Fwp%2Fv2%2Fcomments&post=2"}],"version-history":[{"count":29,"href":"https:\/\/biming3d.de\/index.php?rest_route=\/wp\/v2\/pages\/2\/revisions"}],"predecessor-version":[{"id":1236,"href":"https:\/\/biming3d.de\/index.php?rest_route=\/wp\/v2\/pages\/2\/revisions\/1236"}],"wp:attachment":[{"href":"https:\/\/biming3d.de\/index.php?rest_route=%2Fwp%2Fv2%2Fmedia&parent=2"}],"curies":[{"name":"wp","href":"https:\/\/api.w.org\/{rel}","templated":true}]}}